{"id":193,"date":"2018-07-23T17:48:49","date_gmt":"2018-07-23T15:48:49","guid":{"rendered":"http:\/\/cluster-assurance-aura.com\/?page_id=193"},"modified":"2018-07-23T17:48:49","modified_gmt":"2018-07-23T15:48:49","slug":"mentions-legales","status":"publish","type":"page","link":"https:\/\/assurance.alexisrittimann.com\/index.php\/mentions-legales\/","title":{"rendered":"Mentions l\u00e9gales &#038; Politique de confidentialit\u00e9"},"content":{"rendered":"<p>[vc_row][vc_column][vc_column_text]<\/p>\n<h1>Editeur &amp; propri\u00e9taire<\/h1>\n<p>Cluster Assurance AuRA, Association Loi 1901<br \/>\nSi\u00e8ge social : 60 avenue Jean Mermoz &#8211; 69008 Lyon<br \/>\nDirecteur de la publication : Jean-Paul Babey, Pr\u00e9sident<br \/>\n<a href=\"mailto:contact@cluster-assurance-aura.com\">contact@cluster-assurance-aura.com<\/a><\/p>\n<h1>H\u00e9bergement<\/h1>\n<p>OVH<br \/>\n2 rue Kellermann &#8211; 59100 Roubaix &#8211; France<\/p>\n<h1>Cr\u00e9dits visuels<\/h1>\n<p>Istock<\/p>\n<h1>Politique de cookies<\/h1>\n<p>Ce site ne d\u00e9pose que des cookies techniques utiles pour l&rsquo;affichage et la session php :<br \/>\nSERVERID68971<br \/>\nms-uid<br \/>\nwp-settings-2<br \/>\nwp-settings-time-2<br \/>\n_cfduid : Le cookie _cfduid aide Cloudflare \u00e0 d\u00e9tecter les visiteurs malveillants sur les sites Web et minimise le blocage des utilisateurs l\u00e9gitimes. Il peut \u00eatre plac\u00e9 sur les appareils des utilisateurs finaux de nos clients pour identifier les clients individuels derri\u00e8re une adresse IP partag\u00e9e et appliquer les param\u00e8tres de s\u00e9curit\u00e9 par client. Il est n\u00e9cessaire pour prendre en charge les fonctionnalit\u00e9s de s\u00e9curit\u00e9 de Cloudflare.<br \/>\nConfidentialit\u00e9 et cookie _cfduid<br \/>\nLe cookie _cfduid collecte et anonymise les adresses IP des utilisateurs finaux \u00e0 l&rsquo;aide d&rsquo;un hachage unidirectionnel de certaines valeurs afin qu&rsquo;elles ne puissent pas \u00eatre identifi\u00e9es personnellement. Le cookie est un cookie de session qui expire apr\u00e8s 30 jours.<br \/>\nLe cookie _cfduid ne\u00a0permet pas de suivi intersite, ni de suivre les utilisateurs de site en site en fusionnant divers identifiants _cfduid dans un profil, ou correspondant \u00e0 tout ID utilisateur dans l&rsquo;application Web d&rsquo;un client.<\/p>\n<h1>R\u00e8glement G\u00e9n\u00e9ral sur la protection des Donn\u00e9es<\/h1>\n<p>Ce site a pour objectif principal de donner de la visibilit\u00e9 au Cluster Assurance AuRA.<\/p>\n<p>Les informations personnelles \u00e9ventuellement recueillies dans le cadre des activit\u00e9s du Cluster (ex : participation aux enqu\u00eates m\u00e9tiers, inscriptions aux \u00e9v\u00e9nements,&#8230;) auront pour seule finalit\u00e9 celle indiqu\u00e9e lors du recueil d&rsquo;information par formulaire et ne feront l\u2019objet d\u2019aucune communication ext\u00e9rieure.<br \/>\nCes informations pourront donner lieu \u00e0 l\u2019exercice du droit d\u2019acc\u00e8s et de rectification dans les seules conditions pr\u00e9vues par la loi n\u00b0 78-17 du 6 janvier 1978 relative \u00e0 l\u2019informatique, aux fichiers et aux libert\u00e9s, par l\u2019interm\u00e9diaire des services ayant recueilli les informations demand\u00e9es.<\/p>\n<p>Ce droit d\u2019acc\u00e8s peut s\u2019exercer par courrier \u00e9lectronique \u00e0 la coordinatrice du Cluster : <a href=\"mailto:contact@cluster-assurance-aura.com\">contact@cluster-assurance-aura.com<\/a>[\/vc_column_text][\/vc_column][\/vc_row]<\/p>\n","protected":false},"excerpt":{"rendered":"<p>[vc_row][vc_column][vc_column_text] Editeur &amp; propri\u00e9taire Cluster Assurance AuRA, Association Loi 1901 Si\u00e8ge social : 60 avenue Jean Mermoz &#8211; 69008 Lyon Directeur de la publication : Jean-Paul Babey, Pr\u00e9sident contact@cluster-assurance-aura.com H\u00e9bergement OVH 2 rue Kellermann &#8211; 59100 Roubaix &#8211; France Cr\u00e9dits visuels Istock Politique de cookies Ce site ne d\u00e9pose que des cookies techniques utiles pour [&hellip;]<\/p>\n","protected":false},"author":1,"featured_media":0,"parent":0,"menu_order":0,"comment_status":"closed","ping_status":"closed","template":"","meta":[],"_links":{"self":[{"href":"https:\/\/assurance.alexisrittimann.com\/index.php\/wp-json\/wp\/v2\/pages\/193"}],"collection":[{"href":"https:\/\/assurance.alexisrittimann.com\/index.php\/wp-json\/wp\/v2\/pages"}],"about":[{"href":"https:\/\/assurance.alexisrittimann.com\/index.php\/wp-json\/wp\/v2\/types\/page"}],"author":[{"embeddable":true,"href":"https:\/\/assurance.alexisrittimann.com\/index.php\/wp-json\/wp\/v2\/users\/1"}],"replies":[{"embeddable":true,"href":"https:\/\/assurance.alexisrittimann.com\/index.php\/wp-json\/wp\/v2\/comments?post=193"}],"version-history":[{"count":0,"href":"https:\/\/assurance.alexisrittimann.com\/index.php\/wp-json\/wp\/v2\/pages\/193\/revisions"}],"wp:attachment":[{"href":"https:\/\/assurance.alexisrittimann.com\/index.php\/wp-json\/wp\/v2\/media?parent=193"}],"curies":[{"name":"wp","href":"https:\/\/api.w.org\/{rel}","templated":true}]}}